{"id":575,"date":"2025-12-17T14:10:57","date_gmt":"2025-12-17T13:10:57","guid":{"rendered":"https:\/\/senjia.fr\/?page_id=575"},"modified":"2026-03-15T19:05:03","modified_gmt":"2026-03-15T18:05:03","slug":"accompagnements","status":"publish","type":"page","link":"https:\/\/senjia.fr\/index.php\/accompagnements\/","title":{"rendered":"Accompagnements"},"content":{"rendered":"\n<div class=\"wp-block-cover alignfull is-light\" style=\"min-height:550px;aspect-ratio:unset;\"><span aria-hidden=\"true\" class=\"wp-block-cover__background has-custom-color-2-background-color has-background-dim-100 has-background-dim\"><\/span><div class=\"wp-block-cover__inner-container has-global-padding is-layout-constrained wp-block-cover-is-layout-constrained\">\n<div class=\"wp-block-group alignfull has-global-padding is-layout-constrained wp-container-core-group-is-layout-0117c4cf wp-block-group-is-layout-constrained\" style=\"padding-top:80px;padding-bottom:80px\">\n<div class=\"wp-block-columns alignwide is-layout-flex wp-container-core-columns-is-layout-28f84493 wp-block-columns-is-layout-flex\">\n<div class=\"wp-block-column is-layout-flow wp-block-column-is-layout-flow\" style=\"padding-right:10px;padding-left:10px;flex-basis:50%\">\n<div class=\"wp-block-group is-content-justification-center is-nowrap is-layout-flex wp-container-core-group-is-layout-23441af8 wp-block-group-is-layout-flex\">\n<div class=\"wp-block-group has-global-padding is-content-justification-left is-layout-constrained wp-container-core-group-is-layout-664c02a5 wp-block-group-is-layout-constrained\" style=\"padding-bottom:10px\">\n<h2 class=\"wp-block-heading has-text-color has-link-color has-hedvig-letters-serif-regular-font-family wp-elements-eb6cd0ff3e8cad59f138f752ff4af5b3\" style=\"color:#242925c9;padding-top:var(--wp--preset--spacing--40);padding-bottom:0;font-size:clamp(24.034px, 1.502rem + ((1vw - 3.2px) * 1.814), 40px);\">Un accompagnement sur mesure pour ton chien et toi <\/h2>\n\n\n\n<p class=\"has-custom-color-5-color has-text-color has-link-color has-nunito-font-family wp-elements-4af87eda90cbd8e74389861bb6f01b70\" style=\"padding-bottom:0\">R\u00e9activit\u00e9, peurs, agressivit\u00e9 ou pr\u00e9dation : un accompagnement structur\u00e9 pour t\u2019aider \u00e0 comprendre ton chien et retrouver un quotidien plus serein.<\/p>\n\n\n\n<p class=\"has-text-color has-link-color has-nunito-font-family wp-elements-35fe0112f40a306953e5c769f1a66808\" style=\"color:#050505b0\">Du bilan initial aux diff\u00e9rentes modalit\u00e9s de suivi, d\u00e9couvre les \u00e9tapes et les options possibles pour accompagner ton chien.<\/p>\n<\/div>\n<\/div>\n<\/div>\n\n\n\n<div class=\"wp-block-column is-layout-flow wp-block-column-is-layout-flow\" style=\"padding-right:10px;padding-left:10px;flex-basis:50%\">\n<figure class=\"wp-block-image aligncenter size-full is-resized has-custom-border\"><img loading=\"lazy\" decoding=\"async\" width=\"1627\" height=\"1300\" src=\"https:\/\/senjia.fr\/wp-content\/uploads\/2025\/12\/IMG_6630-2.jpeg\" alt=\"\" class=\"wp-image-579\" style=\"border-radius:16px;width:444px;height:auto\" srcset=\"https:\/\/senjia.fr\/wp-content\/uploads\/2025\/12\/IMG_6630-2.jpeg 1627w, https:\/\/senjia.fr\/wp-content\/uploads\/2025\/12\/IMG_6630-2-300x240.jpeg 300w, https:\/\/senjia.fr\/wp-content\/uploads\/2025\/12\/IMG_6630-2-1024x818.jpeg 1024w, https:\/\/senjia.fr\/wp-content\/uploads\/2025\/12\/IMG_6630-2-768x614.jpeg 768w, https:\/\/senjia.fr\/wp-content\/uploads\/2025\/12\/IMG_6630-2-1536x1227.jpeg 1536w\" sizes=\"auto, (max-width: 1627px) 100vw, 1627px\" \/><\/figure>\n<\/div>\n<\/div>\n<\/div>\n<\/div><\/div>\n\n\n\n<h4 class=\"wp-block-heading has-text-align-center has-nunito-font-family\" style=\"font-size:clamp(16.293px, 1.018rem + ((1vw - 3.2px) * 0.989), 25px);\">Cet accompagnement est fait pour vous si\u2026<\/h4>\n\n\n\n<hr class=\"wp-block-separator has-text-color has-custom-color-3-color has-alpha-channel-opacity has-custom-color-3-background-color has-background\"\/>\n\n\n\n<div class=\"wp-block-columns alignwide is-layout-flex wp-container-core-columns-is-layout-28f84493 wp-block-columns-is-layout-flex\">\n<div class=\"wp-block-column is-layout-flow wp-block-column-is-layout-flow\">\n<p class=\"has-custom-color-5-color has-text-color has-link-color has-nunito-font-family wp-elements-11625c22d3cb2fb518a31e1614070253\">\u27a4 Ton chien r\u00e9agit fortement face aux humains, aux autres chiens, aux v\u00e9hicules, aux v\u00e9los\/coureurs, aux bruits ou \u00e0 l\u2019environnement.<\/p>\n\n\n\n<p class=\"has-custom-color-5-color has-text-color has-link-color has-nunito-font-family wp-elements-0e20999a23371e4670309256ee21ee0b\">\u27a4 Ton chien piste, poursuit les animaux, se met en \u00e9tat d\u2019excitation en ext\u00e9rieur et agit comme si tu n&rsquo;existais plus.<\/p>\n\n\n\n<p class=\"has-custom-color-5-color has-text-color has-link-color has-nunito-font-family wp-elements-2480d6ada5300db3e7e17f298727c9dd\">\u27a4 Ton chien te saute dessus, te pince, tire sur sa laisse ou tes v\u00eatements.<\/p>\n\n\n\n<p class=\"has-custom-color-5-color has-text-color has-link-color has-nunito-font-family wp-elements-f056f0f11d9bc5045206ade864695aa8\">\u27a4 Ton chien semble inquiet, vigilant, ou en difficult\u00e9 \u00e0 l&rsquo;int\u00e9rieur ou \u00e0 l&rsquo;ext\u00e9rieur.<\/p>\n\n\n\n<div class=\"wp-block-buttons is-content-justification-center is-layout-flex wp-container-core-buttons-is-layout-a89b3969 wp-block-buttons-is-layout-flex\">\n<div class=\"wp-block-button\"><a class=\"wp-block-button__link has-custom-color-5-color has-custom-color-1-background-color has-text-color has-background has-link-color has-text-align-center wp-element-button\" href=\"https:\/\/senjia.fr\/index.php\/contact\/\" style=\"padding-top:var(--wp--preset--spacing--20);padding-right:var(--wp--preset--spacing--20);padding-bottom:var(--wp--preset--spacing--20);padding-left:var(--wp--preset--spacing--20)\">Voir si cet accompagnement est adapt\u00e9 \u00e0 ma situation <strong>\u2192<\/strong><\/a><\/div>\n<\/div>\n<\/div>\n\n\n\n<div class=\"wp-block-column is-layout-flow wp-block-column-is-layout-flow\">\n<figure class=\"wp-block-gallery has-nested-images columns-default is-cropped wp-block-gallery-1 is-layout-flex wp-block-gallery-is-layout-flex\">\n<figure class=\"wp-block-image size-large\"><img loading=\"lazy\" decoding=\"async\" width=\"1024\" height=\"768\" data-id=\"603\" src=\"https:\/\/senjia.fr\/wp-content\/uploads\/2025\/12\/IMG_1639-1024x768.jpeg\" alt=\"\" class=\"wp-image-603\" srcset=\"https:\/\/senjia.fr\/wp-content\/uploads\/2025\/12\/IMG_1639-1024x768.jpeg 1024w, https:\/\/senjia.fr\/wp-content\/uploads\/2025\/12\/IMG_1639-300x225.jpeg 300w, https:\/\/senjia.fr\/wp-content\/uploads\/2025\/12\/IMG_1639-768x576.jpeg 768w, https:\/\/senjia.fr\/wp-content\/uploads\/2025\/12\/IMG_1639-1536x1152.jpeg 1536w, https:\/\/senjia.fr\/wp-content\/uploads\/2025\/12\/IMG_1639-2048x1536.jpeg 2048w\" sizes=\"auto, (max-width: 1024px) 100vw, 1024px\" \/><\/figure>\n\n\n\n<figure class=\"wp-block-image size-large\"><img loading=\"lazy\" decoding=\"async\" width=\"768\" height=\"1024\" data-id=\"604\" src=\"https:\/\/senjia.fr\/wp-content\/uploads\/2025\/12\/IMG_1245-1-768x1024.jpeg\" alt=\"\" class=\"wp-image-604\" srcset=\"https:\/\/senjia.fr\/wp-content\/uploads\/2025\/12\/IMG_1245-1-768x1024.jpeg 768w, https:\/\/senjia.fr\/wp-content\/uploads\/2025\/12\/IMG_1245-1-225x300.jpeg 225w, https:\/\/senjia.fr\/wp-content\/uploads\/2025\/12\/IMG_1245-1-1152x1536.jpeg 1152w, https:\/\/senjia.fr\/wp-content\/uploads\/2025\/12\/IMG_1245-1-1536x2048.jpeg 1536w, https:\/\/senjia.fr\/wp-content\/uploads\/2025\/12\/IMG_1245-1-scaled.jpeg 1920w\" sizes=\"auto, (max-width: 768px) 100vw, 768px\" \/><\/figure>\n<\/figure>\n<\/div>\n<\/div>\n\n\n\n<h4 class=\"wp-block-heading has-text-align-center has-nunito-font-family\" style=\"font-size:clamp(16.293px, 1.018rem + ((1vw - 3.2px) * 0.989), 25px);\">Un accompagnement \u00e0 distance, pens\u00e9 pour le quotidien<\/h4>\n\n\n\n<hr class=\"wp-block-separator has-text-color has-custom-color-3-color has-alpha-channel-opacity has-custom-color-3-background-color has-background\"\/>\n\n\n\n<div class=\"wp-block-group has-global-padding is-layout-constrained wp-block-group-is-layout-constrained\">\n<p class=\"has-custom-color-5-color has-text-color has-link-color has-nunito-font-family wp-elements-47b7c51efa325ec6850db9a941ab97cb\">L\u2019accompagnement se d\u00e9roule \u00e0 distance, afin de travailler au plus pr\u00e8s de votre r\u00e9alit\u00e9 et du quotidien de ton chien.<\/p>\n\n\n\n<p class=\"has-custom-color-5-color has-text-color has-link-color has-nunito-font-family wp-elements-2436a72ee2ec52e90d1402e51009a977\">La r\u00e9activit\u00e9 et la pr\u00e9dation demandent un travail progressif, r\u00e9p\u00e9t\u00e9 et ajust\u00e9 dans le temps. Ce sont les pratiques mises en place jour apr\u00e8s jour qui permettent une \u00e9volution durable. Mon objectif n\u2019est pas d\u2019agir \u00e0 ta place, mais de te rendre autonome.<br>Je te transmets des outils, des rep\u00e8res et une compr\u00e9hension claire des m\u00e9canismes en jeu, afin que tu puisses accompagner ton chien en confiance, aujourd\u2019hui et sur le long terme.<\/p>\n<\/div>\n\n\n\n<hr class=\"wp-block-separator has-text-color has-custom-color-3-color has-alpha-channel-opacity has-custom-color-3-background-color has-background\"\/>\n\n\n\n<div class=\"wp-block-columns is-layout-flex wp-container-core-columns-is-layout-28f84493 wp-block-columns-is-layout-flex\">\n<div class=\"wp-block-column is-layout-flow wp-block-column-is-layout-flow\">\n<div class=\"wp-block-group has-custom-color-2-background-color has-background has-global-padding is-layout-constrained wp-block-group-is-layout-constrained\">\n<div class=\"wp-block-group has-global-padding is-layout-constrained wp-container-core-group-is-layout-c9115f92 wp-block-group-is-layout-constrained\" style=\"padding-right:var(--wp--preset--spacing--20);padding-left:var(--wp--preset--spacing--20)\">\n<div class=\"wp-block-group has-global-padding is-layout-constrained wp-container-core-group-is-layout-c9115f92 wp-block-group-is-layout-constrained\" style=\"padding-right:var(--wp--preset--spacing--20);padding-left:var(--wp--preset--spacing--20)\">\n<h4 class=\"wp-block-heading has-text-align-center has-custom-color-4-color has-text-color has-link-color has-nunito-font-family wp-elements-6b6fec0003594b7238eb1cd5c094a979\" style=\"font-size:clamp(16.293px, 1.018rem + ((1vw - 3.2px) * 0.989), 25px);\"><strong>Etape 1 : le bilan<\/strong><\/h4>\n\n\n\n<div class=\"wp-block-group has-custom-color-2-background-color has-background has-global-padding is-layout-constrained wp-block-group-is-layout-constrained\">\n<p class=\"has-text-align-center has-custom-color-5-color has-custom-color-2-background-color has-text-color has-background has-link-color has-nunito-font-family wp-elements-51143cba58e74df289150ad0f1f97814\">C&rsquo;est la premi\u00e8re \u00e9tape de tout accompagnement.<br>Il permet d\u2019analyser votre situation et votre environnement afin de construire un plan de travail coh\u00e9rent, cibl\u00e9 et adapt\u00e9 \u00e0 votre quotidien.<\/p>\n\n\n\n<div class=\"wp-block-buttons is-content-justification-center is-layout-flex wp-container-core-buttons-is-layout-1fb448e7 wp-block-buttons-is-layout-flex\">\n<div class=\"wp-block-button\"><a class=\"wp-block-button__link has-custom-color-5-color has-custom-color-1-background-color has-text-color has-background has-link-color has-nunito-font-family has-text-align-center wp-element-button\" href=\"https:\/\/senjia.fr\/?page_id=719\" style=\"border-width:7px;padding-top:var(--wp--preset--spacing--20);padding-right:var(--wp--preset--spacing--20);padding-bottom:var(--wp--preset--spacing--20);padding-left:var(--wp--preset--spacing--20)\">D\u00e9couvrir ce que le bilan comprend et ses objectifs \u2192<\/a><\/div>\n<\/div>\n<\/div>\n<\/div>\n<\/div>\n<\/div>\n\n\n\n<div class=\"wp-block-group has-custom-color-2-background-color has-background has-global-padding is-layout-constrained wp-block-group-is-layout-constrained\">\n<div class=\"wp-block-group has-global-padding is-layout-constrained wp-container-core-group-is-layout-c9115f92 wp-block-group-is-layout-constrained\" style=\"padding-right:var(--wp--preset--spacing--20);padding-left:var(--wp--preset--spacing--20)\">\n<div class=\"wp-block-group has-global-padding is-layout-constrained wp-container-core-group-is-layout-c9115f92 wp-block-group-is-layout-constrained\" style=\"padding-right:var(--wp--preset--spacing--20);padding-left:var(--wp--preset--spacing--20)\">\n<h4 class=\"wp-block-heading has-text-align-center has-custom-color-4-color has-text-color has-link-color has-nunito-font-family wp-elements-d4fbac8df9a6721e7b096d4a92a770c2\" style=\"font-size:clamp(16.293px, 1.018rem + ((1vw - 3.2px) * 0.989), 25px);\"><strong>Etape 2 : adapter l&rsquo;accompagnement \u00e0 votre situation <\/strong><\/h4>\n\n\n\n<p class=\"has-text-align-center has-nunito-font-family\"><strong>Forfaits \u00e0 distance et dans les Vosges, s\u00e9ance individuelle<\/strong><\/p>\n\n\n\n<p class=\"has-text-align-center has-custom-color-2-background-color has-background has-nunito-font-family\">Si tu le souhaites, \u00e0 l\u2019issue du bilan, plusieurs modalit\u00e9s d\u2019accompagnement peuvent \u00eatre envisag\u00e9es.<br>Le choix se fait toujours au cas par cas, en fonction de vos besoins et de la probl\u00e9matique rencontr\u00e9e.<\/p>\n\n\n\n<div class=\"wp-block-buttons is-content-justification-center is-layout-flex wp-container-core-buttons-is-layout-a89b3969 wp-block-buttons-is-layout-flex\">\n<div class=\"wp-block-button\"><a class=\"wp-block-button__link has-custom-color-5-color has-custom-color-1-background-color has-text-color has-background has-link-color has-nunito-font-family wp-element-button\" href=\"https:\/\/senjia.fr\/?page_id=767\" style=\"padding-top:var(--wp--preset--spacing--20);padding-right:var(--wp--preset--spacing--20);padding-bottom:var(--wp--preset--spacing--20);padding-left:var(--wp--preset--spacing--20)\">D\u00e9couvrir les diff\u00e9rentes options d&rsquo;accompagnement \u2192<\/a><\/div>\n<\/div>\n<\/div>\n<\/div>\n<\/div>\n<\/div>\n<\/div>\n\n\n\n<hr class=\"wp-block-separator has-text-color has-custom-color-2-color has-alpha-channel-opacity has-custom-color-2-background-color has-background\"\/>\n","protected":false},"excerpt":{"rendered":"<p>Cet accompagnement est fait pour vous si\u2026 \u27a4 Ton chien r\u00e9agit fortement face aux humains, aux autres chiens, aux v\u00e9hicules, aux v\u00e9los\/coureurs, aux bruits ou \u00e0 l\u2019environnement. \u27a4 Ton chien piste, poursuit les animaux, se met en \u00e9tat d\u2019excitation en ext\u00e9rieur et agit comme si tu n&rsquo;existais plus. \u27a4 Ton chien te saute dessus, te [&hellip;]<\/p>\n","protected":false},"author":1,"featured_media":0,"parent":0,"menu_order":0,"comment_status":"closed","ping_status":"closed","template":"","meta":{"footnotes":""},"class_list":["post-575","page","type-page","status-publish","hentry"],"yoast_head":"<!-- This site is optimized with the Yoast SEO plugin v26.4 - https:\/\/yoast.com\/wordpress\/plugins\/seo\/ -->\n<title>Accompagnements -<\/title>\n<meta name=\"description\" content=\"Des accompagnements structur\u00e9s et individualis\u00e9s pour chiens r\u00e9actifs, peureux ou agressifs \u00e0 distance et dans les Vosges.\" \/>\n<meta name=\"robots\" content=\"index, follow, max-snippet:-1, max-image-preview:large, max-video-preview:-1\" \/>\n<link rel=\"canonical\" href=\"https:\/\/senjia.fr\/index.php\/accompagnements\/\" \/>\n<meta property=\"og:locale\" content=\"fr_FR\" \/>\n<meta property=\"og:type\" content=\"article\" \/>\n<meta property=\"og:title\" content=\"Accompagnements -\" \/>\n<meta property=\"og:description\" content=\"Des accompagnements structur\u00e9s et individualis\u00e9s pour chiens r\u00e9actifs, peureux ou agressifs \u00e0 distance et dans les Vosges.\" \/>\n<meta property=\"og:url\" content=\"https:\/\/senjia.fr\/index.php\/accompagnements\/\" \/>\n<meta property=\"article:modified_time\" content=\"2026-03-15T18:05:03+00:00\" \/>\n<meta property=\"og:image\" content=\"https:\/\/senjia.fr\/wp-content\/uploads\/2025\/12\/IMG_6630-2.jpeg\" \/>\n\t<meta property=\"og:image:width\" content=\"1627\" \/>\n\t<meta property=\"og:image:height\" content=\"1300\" \/>\n\t<meta property=\"og:image:type\" content=\"image\/jpeg\" \/>\n<meta name=\"twitter:card\" content=\"summary_large_image\" \/>\n<meta name=\"twitter:label1\" content=\"Dur\u00e9e de lecture estim\u00e9e\" \/>\n\t<meta name=\"twitter:data1\" content=\"3 minutes\" \/>\n<script type=\"application\/ld+json\" class=\"yoast-schema-graph\">{\"@context\":\"https:\/\/schema.org\",\"@graph\":[{\"@type\":\"WebPage\",\"@id\":\"https:\/\/senjia.fr\/index.php\/accompagnements\/\",\"url\":\"https:\/\/senjia.fr\/index.php\/accompagnements\/\",\"name\":\"Accompagnements -\",\"isPartOf\":{\"@id\":\"https:\/\/senjia.fr\/#website\"},\"primaryImageOfPage\":{\"@id\":\"https:\/\/senjia.fr\/index.php\/accompagnements\/#primaryimage\"},\"image\":{\"@id\":\"https:\/\/senjia.fr\/index.php\/accompagnements\/#primaryimage\"},\"thumbnailUrl\":\"https:\/\/senjia.fr\/wp-content\/uploads\/2025\/12\/IMG_6630-2.jpeg\",\"datePublished\":\"2025-12-17T13:10:57+00:00\",\"dateModified\":\"2026-03-15T18:05:03+00:00\",\"description\":\"Des accompagnements structur\u00e9s et individualis\u00e9s pour chiens r\u00e9actifs, peureux ou agressifs \u00e0 distance et dans les Vosges.\",\"breadcrumb\":{\"@id\":\"https:\/\/senjia.fr\/index.php\/accompagnements\/#breadcrumb\"},\"inLanguage\":\"fr-FR\",\"potentialAction\":[{\"@type\":\"ReadAction\",\"target\":[\"https:\/\/senjia.fr\/index.php\/accompagnements\/\"]}]},{\"@type\":\"ImageObject\",\"inLanguage\":\"fr-FR\",\"@id\":\"https:\/\/senjia.fr\/index.php\/accompagnements\/#primaryimage\",\"url\":\"https:\/\/senjia.fr\/wp-content\/uploads\/2025\/12\/IMG_6630-2.jpeg\",\"contentUrl\":\"https:\/\/senjia.fr\/wp-content\/uploads\/2025\/12\/IMG_6630-2.jpeg\",\"width\":1627,\"height\":1300},{\"@type\":\"BreadcrumbList\",\"@id\":\"https:\/\/senjia.fr\/index.php\/accompagnements\/#breadcrumb\",\"itemListElement\":[{\"@type\":\"ListItem\",\"position\":1,\"name\":\"Accueil\",\"item\":\"https:\/\/senjia.fr\/\"},{\"@type\":\"ListItem\",\"position\":2,\"name\":\"Accompagnements\"}]},{\"@type\":\"WebSite\",\"@id\":\"https:\/\/senjia.fr\/#website\",\"url\":\"https:\/\/senjia.fr\/\",\"name\":\"\",\"description\":\"\",\"potentialAction\":[{\"@type\":\"SearchAction\",\"target\":{\"@type\":\"EntryPoint\",\"urlTemplate\":\"https:\/\/senjia.fr\/?s={search_term_string}\"},\"query-input\":{\"@type\":\"PropertyValueSpecification\",\"valueRequired\":true,\"valueName\":\"search_term_string\"}}],\"inLanguage\":\"fr-FR\"}]}<\/script>\n<!-- \/ Yoast SEO plugin. -->","yoast_head_json":{"title":"Accompagnements -","description":"Des accompagnements structur\u00e9s et individualis\u00e9s pour chiens r\u00e9actifs, peureux ou agressifs \u00e0 distance et dans les Vosges.","robots":{"index":"index","follow":"follow","max-snippet":"max-snippet:-1","max-image-preview":"max-image-preview:large","max-video-preview":"max-video-preview:-1"},"canonical":"https:\/\/senjia.fr\/index.php\/accompagnements\/","og_locale":"fr_FR","og_type":"article","og_title":"Accompagnements -","og_description":"Des accompagnements structur\u00e9s et individualis\u00e9s pour chiens r\u00e9actifs, peureux ou agressifs \u00e0 distance et dans les Vosges.","og_url":"https:\/\/senjia.fr\/index.php\/accompagnements\/","article_modified_time":"2026-03-15T18:05:03+00:00","og_image":[{"width":1627,"height":1300,"url":"https:\/\/senjia.fr\/wp-content\/uploads\/2025\/12\/IMG_6630-2.jpeg","type":"image\/jpeg"}],"twitter_card":"summary_large_image","twitter_misc":{"Dur\u00e9e de lecture estim\u00e9e":"3 minutes"},"schema":{"@context":"https:\/\/schema.org","@graph":[{"@type":"WebPage","@id":"https:\/\/senjia.fr\/index.php\/accompagnements\/","url":"https:\/\/senjia.fr\/index.php\/accompagnements\/","name":"Accompagnements -","isPartOf":{"@id":"https:\/\/senjia.fr\/#website"},"primaryImageOfPage":{"@id":"https:\/\/senjia.fr\/index.php\/accompagnements\/#primaryimage"},"image":{"@id":"https:\/\/senjia.fr\/index.php\/accompagnements\/#primaryimage"},"thumbnailUrl":"https:\/\/senjia.fr\/wp-content\/uploads\/2025\/12\/IMG_6630-2.jpeg","datePublished":"2025-12-17T13:10:57+00:00","dateModified":"2026-03-15T18:05:03+00:00","description":"Des accompagnements structur\u00e9s et individualis\u00e9s pour chiens r\u00e9actifs, peureux ou agressifs \u00e0 distance et dans les Vosges.","breadcrumb":{"@id":"https:\/\/senjia.fr\/index.php\/accompagnements\/#breadcrumb"},"inLanguage":"fr-FR","potentialAction":[{"@type":"ReadAction","target":["https:\/\/senjia.fr\/index.php\/accompagnements\/"]}]},{"@type":"ImageObject","inLanguage":"fr-FR","@id":"https:\/\/senjia.fr\/index.php\/accompagnements\/#primaryimage","url":"https:\/\/senjia.fr\/wp-content\/uploads\/2025\/12\/IMG_6630-2.jpeg","contentUrl":"https:\/\/senjia.fr\/wp-content\/uploads\/2025\/12\/IMG_6630-2.jpeg","width":1627,"height":1300},{"@type":"BreadcrumbList","@id":"https:\/\/senjia.fr\/index.php\/accompagnements\/#breadcrumb","itemListElement":[{"@type":"ListItem","position":1,"name":"Accueil","item":"https:\/\/senjia.fr\/"},{"@type":"ListItem","position":2,"name":"Accompagnements"}]},{"@type":"WebSite","@id":"https:\/\/senjia.fr\/#website","url":"https:\/\/senjia.fr\/","name":"","description":"","potentialAction":[{"@type":"SearchAction","target":{"@type":"EntryPoint","urlTemplate":"https:\/\/senjia.fr\/?s={search_term_string}"},"query-input":{"@type":"PropertyValueSpecification","valueRequired":true,"valueName":"search_term_string"}}],"inLanguage":"fr-FR"}]}},"_links":{"self":[{"href":"https:\/\/senjia.fr\/index.php\/wp-json\/wp\/v2\/pages\/575","targetHints":{"allow":["GET"]}}],"collection":[{"href":"https:\/\/senjia.fr\/index.php\/wp-json\/wp\/v2\/pages"}],"about":[{"href":"https:\/\/senjia.fr\/index.php\/wp-json\/wp\/v2\/types\/page"}],"author":[{"embeddable":true,"href":"https:\/\/senjia.fr\/index.php\/wp-json\/wp\/v2\/users\/1"}],"replies":[{"embeddable":true,"href":"https:\/\/senjia.fr\/index.php\/wp-json\/wp\/v2\/comments?post=575"}],"version-history":[{"count":93,"href":"https:\/\/senjia.fr\/index.php\/wp-json\/wp\/v2\/pages\/575\/revisions"}],"predecessor-version":[{"id":1079,"href":"https:\/\/senjia.fr\/index.php\/wp-json\/wp\/v2\/pages\/575\/revisions\/1079"}],"wp:attachment":[{"href":"https:\/\/senjia.fr\/index.php\/wp-json\/wp\/v2\/media?parent=575"}],"curies":[{"name":"wp","href":"https:\/\/api.w.org\/{rel}","templated":true}]}}