{"id":719,"date":"2025-12-17T14:13:16","date_gmt":"2025-12-17T13:13:16","guid":{"rendered":"https:\/\/senjia.fr\/?page_id=719"},"modified":"2026-03-09T14:45:26","modified_gmt":"2026-03-09T13:45:26","slug":"le-bilan","status":"publish","type":"page","link":"https:\/\/senjia.fr\/index.php\/le-bilan\/","title":{"rendered":"Le bilan"},"content":{"rendered":"\n<div class=\"wp-block-group has-nunito-font-family has-global-padding is-layout-constrained wp-block-group-is-layout-constrained\">\n<div class=\"wp-block-group has-custom-color-2-background-color has-background has-global-padding is-layout-constrained wp-block-group-is-layout-constrained\" style=\"padding-top:var(--wp--preset--spacing--20);padding-bottom:var(--wp--preset--spacing--20)\">\n<h4 class=\"wp-block-heading has-text-align-center has-custom-color-4-color has-custom-color-2-background-color has-text-color has-background has-link-color wp-elements-9ebaf4edf43c6db6991adcb43d0f8bbb\" style=\"padding-top:0;padding-bottom:0;text-transform:uppercase\"><strong>Le bilan<\/strong><\/h4>\n\n\n\n<h5 class=\"wp-block-heading has-text-align-center has-custom-color-4-color has-custom-color-2-background-color has-text-color has-background has-link-color wp-elements-c694856f067d10bff5e1fc7906fcf38e\" style=\"padding-top:0;padding-bottom:0;text-transform:uppercase\">\u27a4 Un temps d\u2019analyse pour poser des bases solides<\/h5>\n<\/div>\n\n\n\n<p class=\"has-nunito-font-family\">Le bilan est <strong>le point de d\u00e9part indispensable<\/strong> de tout accompagnement.<\/p>\n\n\n\n<h5 class=\"wp-block-heading has-text-align-left has-nunito-font-family\" style=\"font-size:clamp(14px, 0.875rem + ((1vw - 3.2px) * 0.455), 18px);\">\u27a4 \u00c0 quoi sert le bilan ?<\/h5>\n\n\n\n<p>Le bilan permet de :<\/p>\n\n\n\n<ul class=\"wp-block-list\">\n<li>comprendre les comportements de ton chien, leur fonction et les \u00e9motions en jeu sans les minimiser ni les juger<\/li>\n\n\n\n<li>identifier les facteurs qui d\u00e9clenchent et intensifient les r\u00e9actions<\/li>\n\n\n\n<li>analyser l\u2019environnement, les exp\u00e9riences et les apprentissages pass\u00e9s<\/li>\n\n\n\n<li>clarifier les priorit\u00e9s et les axes de travail<\/li>\n<\/ul>\n\n\n\n<h5 class=\"wp-block-heading has-text-align-left has-nunito-font-family\" style=\"font-size:clamp(14px, 0.875rem + ((1vw - 3.2px) * 0.455), 18px);\">Comment se d\u00e9roule le bilan ?<\/h5>\n\n\n\n<h6 class=\"wp-block-heading\">1. Avant le bilan<\/h6>\n\n\n\n<blockquote class=\"wp-block-quote is-layout-flow wp-block-quote-is-layout-flow\">\n<p>Tu compl\u00e8tes un questionnaire d\u00e9taill\u00e9 ainsi qu\u2019une collecte de donn\u00e9es sur une dur\u00e9e d\u2019environ une semaine.<br>Cela me permet de recueillir les informations n\u00e9cessaires pour pr\u00e9parer un temps d\u2019\u00e9change pertinent.<\/p>\n\n\n\n<p>Cette collecte offre une \u00e9valuation pr\u00e9cise et compl\u00e8te du comportement de ton chien, avec une visibilit\u00e9 factuelle sur ce qui se passe r\u00e9ellement dans ton quotidien, afin que le plan d\u2019entra\u00eenement soit au plus proche de votre r\u00e9alit\u00e9.<\/p>\n\n\n\n<p>Elle est pens\u00e9e pour rester simple et accessible, je t\u2019accompagne tout au long de cette \u00e9tape pour la compl\u00e9ter.<\/p>\n<\/blockquote>\n\n\n\n<h6 class=\"wp-block-heading\">2. Pendant le bilan<\/h6>\n\n\n\n<blockquote class=\"wp-block-quote is-layout-flow wp-block-quote-is-layout-flow\">\n<p class=\"has-custom-color-5-color has-text-color has-link-color has-nunito-font-family wp-elements-16b2a26666edd7e51644d303ef9422a0\">Nous reprenons ensemble les \u00e9l\u00e9ments cl\u00e9s, nous croisons les donn\u00e9es observ\u00e9es avec ton ressenti du quotidien. J\u2019affine mon analyse et je r\u00e9ponds \u00e0 tes questions. <\/p>\n<\/blockquote>\n\n\n\n<h6 class=\"wp-block-heading\">3. Apr\u00e8s le bilan<\/h6>\n\n\n\n<div class=\"wp-block-group has-global-padding is-layout-constrained wp-block-group-is-layout-constrained\">\n<div class=\"wp-block-group has-global-padding is-layout-constrained wp-block-group-is-layout-constrained\">\n<blockquote class=\"wp-block-quote is-layout-flow wp-block-quote-is-layout-flow\">\n<p>Je prends le temps d\u2019analyser l\u2019ensemble des donn\u00e9es recueillies et \u00e0 l\u2019issue du bilan sous un d\u00e9lai de 48h, tu re\u00e7ois <strong>un compte rendu \u00e9crit d\u00e9taill\u00e9<\/strong>, pens\u00e9 pour \u00eatre clair, structur\u00e9 et directement exploitable.<\/p>\n\n\n\n<p>Il reprend :<\/p>\n\n\n\n<ul class=\"wp-block-list\">\n<li>l\u2019analyse compl\u00e8te de la situation<\/li>\n\n\n\n<li>les \u00e9l\u00e9ments cl\u00e9s observ\u00e9s<\/li>\n\n\n\n<li>les axes de travail prioritaires<\/li>\n\n\n\n<li>les recommandations adapt\u00e9es \u00e0 ton quotidien<\/li>\n<\/ul>\n<\/blockquote>\n<\/div>\n<\/div>\n\n\n\n<h5 class=\"wp-block-heading has-text-align-left has-nunito-font-family\" style=\"font-size:clamp(14px, 0.875rem + ((1vw - 3.2px) * 0.455), 18px);\">\u27a4 Et ensuite ?<\/h5>\n\n\n\n<p>Le bilan peut suffire dans certaines situations ou servir de base \u00e0 un accompagnement sur plusieurs semaines.<\/p>\n\n\n\n<h5 class=\"wp-block-heading\" style=\"font-size:clamp(14px, 0.875rem + ((1vw - 3.2px) * 0.455), 18px);\">\u27a4 Tarif du bilan : <\/h5>\n\n\n\n<ul class=\"wp-block-list\">\n<li><strong>90\u20ac<\/strong><\/li>\n<\/ul>\n\n\n\n<blockquote class=\"wp-block-quote is-layout-flow wp-block-quote-is-layout-flow\">\n<div class=\"wp-block-buttons is-layout-flex wp-block-buttons-is-layout-flex\">\n<div class=\"wp-block-button\"><a class=\"wp-block-button__link has-custom-color-5-color has-custom-color-4-background-color has-text-color has-background has-link-color wp-element-button\" href=\"https:\/\/senjia.fr\/index.php\/les-options-daccompagnement\/\">Si le bilan est suivi d&rsquo;un forfait, il n\u2019est pas factur\u00e9 en suppl\u00e9ment : son prix est inclus dans le forfait choisi (voir le d\u00e9tail des tarifs sur <strong>cette page<\/strong>.)<\/a><\/div>\n<\/div>\n<\/blockquote>\n\n\n\n<p class=\"has-text-align-center\" style=\"margin-bottom:0\"><em>Si tu ressens le besoin de comprendre ton chien et de poser des bases claires et respectueuses, le bilan est la premi\u00e8re \u00e9tape.<\/em><\/p>\n\n\n\n<div class=\"wp-block-buttons is-content-justification-center is-layout-flex wp-container-core-buttons-is-layout-a89b3969 wp-block-buttons-is-layout-flex\">\n<div class=\"wp-block-button\"><a class=\"wp-block-button__link has-custom-color-5-color has-custom-color-1-background-color has-text-color has-background has-link-color wp-element-button\" href=\"https:\/\/senjia.fr\/index.php\/contact\/\" style=\"padding-top:var(--wp--preset--spacing--20);padding-right:var(--wp--preset--spacing--20);padding-bottom:var(--wp--preset--spacing--20);padding-left:var(--wp--preset--spacing--20)\">Prendre contact \u2192<\/a><\/div>\n<\/div>\n<\/div>\n","protected":false},"excerpt":{"rendered":"<p>Le bilan \u27a4 Un temps d\u2019analyse pour poser des bases solides Le bilan est le point de d\u00e9part indispensable de tout accompagnement. \u27a4 \u00c0 quoi sert le bilan ? Le bilan permet de : Comment se d\u00e9roule le bilan ? 1. Avant le bilan Tu compl\u00e8tes un questionnaire d\u00e9taill\u00e9 ainsi qu\u2019une collecte de donn\u00e9es sur [&hellip;]<\/p>\n","protected":false},"author":1,"featured_media":0,"parent":0,"menu_order":0,"comment_status":"closed","ping_status":"closed","template":"","meta":{"footnotes":""},"class_list":["post-719","page","type-page","status-publish","hentry"],"yoast_head":"<!-- This site is optimized with the Yoast SEO plugin v26.4 - https:\/\/yoast.com\/wordpress\/plugins\/seo\/ -->\n<title>Le bilan -<\/title>\n<meta name=\"robots\" content=\"index, follow, max-snippet:-1, max-image-preview:large, max-video-preview:-1\" \/>\n<link rel=\"canonical\" href=\"https:\/\/senjia.fr\/index.php\/le-bilan\/\" \/>\n<meta property=\"og:locale\" content=\"fr_FR\" \/>\n<meta property=\"og:type\" content=\"article\" \/>\n<meta property=\"og:title\" content=\"Le bilan -\" \/>\n<meta property=\"og:description\" content=\"Le bilan \u27a4 Un temps d\u2019analyse pour poser des bases solides Le bilan est le point de d\u00e9part indispensable de tout accompagnement. \u27a4 \u00c0 quoi sert le bilan ? Le bilan permet de : Comment se d\u00e9roule le bilan ? 1. Avant le bilan Tu compl\u00e8tes un questionnaire d\u00e9taill\u00e9 ainsi qu\u2019une collecte de donn\u00e9es sur [&hellip;]\" \/>\n<meta property=\"og:url\" content=\"https:\/\/senjia.fr\/index.php\/le-bilan\/\" \/>\n<meta property=\"article:modified_time\" content=\"2026-03-09T13:45:26+00:00\" \/>\n<meta name=\"twitter:card\" content=\"summary_large_image\" \/>\n<meta name=\"twitter:label1\" content=\"Dur\u00e9e de lecture estim\u00e9e\" \/>\n\t<meta name=\"twitter:data1\" content=\"1 minute\" \/>\n<script type=\"application\/ld+json\" class=\"yoast-schema-graph\">{\"@context\":\"https:\/\/schema.org\",\"@graph\":[{\"@type\":\"WebPage\",\"@id\":\"https:\/\/senjia.fr\/index.php\/le-bilan\/\",\"url\":\"https:\/\/senjia.fr\/index.php\/le-bilan\/\",\"name\":\"Le bilan -\",\"isPartOf\":{\"@id\":\"https:\/\/senjia.fr\/#website\"},\"datePublished\":\"2025-12-17T13:13:16+00:00\",\"dateModified\":\"2026-03-09T13:45:26+00:00\",\"breadcrumb\":{\"@id\":\"https:\/\/senjia.fr\/index.php\/le-bilan\/#breadcrumb\"},\"inLanguage\":\"fr-FR\",\"potentialAction\":[{\"@type\":\"ReadAction\",\"target\":[\"https:\/\/senjia.fr\/index.php\/le-bilan\/\"]}]},{\"@type\":\"BreadcrumbList\",\"@id\":\"https:\/\/senjia.fr\/index.php\/le-bilan\/#breadcrumb\",\"itemListElement\":[{\"@type\":\"ListItem\",\"position\":1,\"name\":\"Accueil\",\"item\":\"https:\/\/senjia.fr\/\"},{\"@type\":\"ListItem\",\"position\":2,\"name\":\"Le bilan\"}]},{\"@type\":\"WebSite\",\"@id\":\"https:\/\/senjia.fr\/#website\",\"url\":\"https:\/\/senjia.fr\/\",\"name\":\"\",\"description\":\"\",\"potentialAction\":[{\"@type\":\"SearchAction\",\"target\":{\"@type\":\"EntryPoint\",\"urlTemplate\":\"https:\/\/senjia.fr\/?s={search_term_string}\"},\"query-input\":{\"@type\":\"PropertyValueSpecification\",\"valueRequired\":true,\"valueName\":\"search_term_string\"}}],\"inLanguage\":\"fr-FR\"}]}<\/script>\n<!-- \/ Yoast SEO plugin. -->","yoast_head_json":{"title":"Le bilan -","robots":{"index":"index","follow":"follow","max-snippet":"max-snippet:-1","max-image-preview":"max-image-preview:large","max-video-preview":"max-video-preview:-1"},"canonical":"https:\/\/senjia.fr\/index.php\/le-bilan\/","og_locale":"fr_FR","og_type":"article","og_title":"Le bilan -","og_description":"Le bilan \u27a4 Un temps d\u2019analyse pour poser des bases solides Le bilan est le point de d\u00e9part indispensable de tout accompagnement. \u27a4 \u00c0 quoi sert le bilan ? Le bilan permet de : Comment se d\u00e9roule le bilan ? 1. Avant le bilan Tu compl\u00e8tes un questionnaire d\u00e9taill\u00e9 ainsi qu\u2019une collecte de donn\u00e9es sur [&hellip;]","og_url":"https:\/\/senjia.fr\/index.php\/le-bilan\/","article_modified_time":"2026-03-09T13:45:26+00:00","twitter_card":"summary_large_image","twitter_misc":{"Dur\u00e9e de lecture estim\u00e9e":"1 minute"},"schema":{"@context":"https:\/\/schema.org","@graph":[{"@type":"WebPage","@id":"https:\/\/senjia.fr\/index.php\/le-bilan\/","url":"https:\/\/senjia.fr\/index.php\/le-bilan\/","name":"Le bilan -","isPartOf":{"@id":"https:\/\/senjia.fr\/#website"},"datePublished":"2025-12-17T13:13:16+00:00","dateModified":"2026-03-09T13:45:26+00:00","breadcrumb":{"@id":"https:\/\/senjia.fr\/index.php\/le-bilan\/#breadcrumb"},"inLanguage":"fr-FR","potentialAction":[{"@type":"ReadAction","target":["https:\/\/senjia.fr\/index.php\/le-bilan\/"]}]},{"@type":"BreadcrumbList","@id":"https:\/\/senjia.fr\/index.php\/le-bilan\/#breadcrumb","itemListElement":[{"@type":"ListItem","position":1,"name":"Accueil","item":"https:\/\/senjia.fr\/"},{"@type":"ListItem","position":2,"name":"Le bilan"}]},{"@type":"WebSite","@id":"https:\/\/senjia.fr\/#website","url":"https:\/\/senjia.fr\/","name":"","description":"","potentialAction":[{"@type":"SearchAction","target":{"@type":"EntryPoint","urlTemplate":"https:\/\/senjia.fr\/?s={search_term_string}"},"query-input":{"@type":"PropertyValueSpecification","valueRequired":true,"valueName":"search_term_string"}}],"inLanguage":"fr-FR"}]}},"_links":{"self":[{"href":"https:\/\/senjia.fr\/index.php\/wp-json\/wp\/v2\/pages\/719","targetHints":{"allow":["GET"]}}],"collection":[{"href":"https:\/\/senjia.fr\/index.php\/wp-json\/wp\/v2\/pages"}],"about":[{"href":"https:\/\/senjia.fr\/index.php\/wp-json\/wp\/v2\/types\/page"}],"author":[{"embeddable":true,"href":"https:\/\/senjia.fr\/index.php\/wp-json\/wp\/v2\/users\/1"}],"replies":[{"embeddable":true,"href":"https:\/\/senjia.fr\/index.php\/wp-json\/wp\/v2\/comments?post=719"}],"version-history":[{"count":54,"href":"https:\/\/senjia.fr\/index.php\/wp-json\/wp\/v2\/pages\/719\/revisions"}],"predecessor-version":[{"id":1076,"href":"https:\/\/senjia.fr\/index.php\/wp-json\/wp\/v2\/pages\/719\/revisions\/1076"}],"wp:attachment":[{"href":"https:\/\/senjia.fr\/index.php\/wp-json\/wp\/v2\/media?parent=719"}],"curies":[{"name":"wp","href":"https:\/\/api.w.org\/{rel}","templated":true}]}}