{"id":767,"date":"2025-12-17T14:13:28","date_gmt":"2025-12-17T13:13:28","guid":{"rendered":"https:\/\/senjia.fr\/?page_id=767"},"modified":"2026-03-15T19:08:28","modified_gmt":"2026-03-15T18:08:28","slug":"les-options-daccompagnement","status":"publish","type":"page","link":"https:\/\/senjia.fr\/index.php\/les-options-daccompagnement\/","title":{"rendered":"Les options d&rsquo;accompagnement"},"content":{"rendered":"\n<div class=\"wp-block-group has-nunito-font-family has-global-padding is-layout-constrained wp-block-group-is-layout-constrained\">\n<div class=\"wp-block-group has-custom-color-2-background-color has-background has-global-padding is-layout-constrained wp-block-group-is-layout-constrained\" style=\"padding-top:var(--wp--preset--spacing--20);padding-bottom:var(--wp--preset--spacing--20)\">\n<h4 class=\"wp-block-heading has-text-align-center has-custom-color-4-color has-custom-color-2-background-color has-text-color has-background has-link-color wp-elements-43cb1abdf43d172f62a045b9b6de9060\" style=\"padding-top:0;padding-bottom:0;text-transform:uppercase\"><strong>Les diff\u00e9rentes options d&rsquo;accompagnement<\/strong><\/h4>\n\n\n\n<h5 class=\"wp-block-heading has-text-align-center has-custom-color-4-color has-custom-color-2-background-color has-text-color has-background has-link-color wp-elements-1ec82e0b6b0dbf38c3d82f798d9525cd\" style=\"padding-top:0;padding-bottom:0;text-transform:uppercase\">\u27a4 Des formats adapt\u00e9s selon les besoins de ton duo<\/h5>\n<\/div>\n\n\n\n<p>Plusieurs formats d\u2019accompagnement sont possibles. Chaque option s\u2019inscrit dans une d\u00e9marche progressive, respectueuse et individualis\u00e9e.<\/p>\n\n\n\n<div class=\"wp-block-group has-custom-color-4-color has-custom-color-2-background-color has-text-color has-background has-link-color wp-elements-f71406351b72d0401b818d5863d2b38e has-global-padding is-layout-constrained wp-block-group-is-layout-constrained\">\n<h4 class=\"wp-block-heading has-text-align-center has-custom-color-4-color has-text-color has-link-color wp-elements-8d81ea43c54cbbb3b77103e472a853a0\" style=\"padding-top:var(--wp--preset--spacing--60);padding-bottom:var(--wp--preset--spacing--20)\">Les forfaits<\/h4>\n\n\n\n<hr class=\"wp-block-separator has-text-color has-custom-color-4-color has-alpha-channel-opacity has-custom-color-4-background-color has-background\" style=\"margin-top:0;margin-bottom:0\"\/>\n\n\n\n<p class=\"has-custom-color-2-color has-text-color has-link-color wp-elements-b3ffba86a97477bc67b6e66e201e081c\" style=\"padding-top:0;padding-bottom:0\">&#8211;<\/p>\n<\/div>\n\n\n\n<p class=\"has-text-align-center\">\u27a4 Un suivi structur\u00e9 pour des changements durables<\/p>\n\n\n\n<hr class=\"wp-block-separator has-alpha-channel-opacity\"\/>\n\n\n\n<div class=\"wp-block-group has-global-padding is-layout-constrained wp-block-group-is-layout-constrained\">\n<h5 class=\"wp-block-heading\">\u27a4 \u00c0 quoi sert le forfait ?<\/h5>\n\n\n\n<p>Le forfait permet de :<\/p>\n\n\n\n<ul class=\"wp-block-list\">\n<li>accompagner ton chien vers un \u00e9tat \u00e9motionnel plus apais\u00e9<\/li>\n\n\n\n<li>r\u00e9duire l\u2019intensit\u00e9 et la fr\u00e9quence des comportements probl\u00e9matiques<\/li>\n\n\n\n<li>comprendre les d\u00e9clencheurs, les m\u00e9canismes \u00e9motionnels et les facteurs environnementaux impliqu\u00e9s<\/li>\n\n\n\n<li>mettre en place des strat\u00e9gies adapt\u00e9es et s\u00e9curisantes dans le quotidien<\/li>\n\n\n\n<li>t&rsquo;accompagner dans la lecture de ton chien et dans l\u2019ajustement des pratiques au fil du temps<\/li>\n\n\n\n<li>s\u2019appuyer sur des donn\u00e9es concr\u00e8tes pour \u00e9valuer l\u2019\u00e9volution de ton chien et ajuster le travail<\/li>\n\n\n\n<li>d\u00e9velopper l\u2019autonomie de votre duo afin de pouvoir continuer \u00e0 avancer au-del\u00e0 de l\u2019accompagnement<\/li>\n<\/ul>\n<\/div>\n\n\n\n<hr class=\"wp-block-separator has-alpha-channel-opacity\"\/>\n\n\n\n<h5 class=\"wp-block-heading\">\u27a4 Ce que comprend le forfait<\/h5>\n\n\n\n<ul class=\"wp-block-list\">\n<li>le bilan <\/li>\n\n\n\n<li>une s\u00e9ance hebdomadaire de suivi<\/li>\n\n\n\n<li>un plan d\u2019action personnalis\u00e9, \u00e9volutif et ajust\u00e9 en continu<\/li>\n\n\n\n<li>l\u2019analyse de donn\u00e9es tout au long de l\u2019accompagnement<\/li>\n\n\n\n<li>un espace Notion personnalis\u00e9 et collaboratif<\/li>\n\n\n\n<li>des corrections d\u2019exercices en continu (retours sous 48h maximum)<\/li>\n\n\n\n<li>un suivi WhatsApp illimit\u00e9 (r\u00e9ponse sous 24h, hors dimanche)<\/li>\n<\/ul>\n\n\n\n<div class=\"wp-block-group has-global-padding is-layout-constrained wp-block-group-is-layout-constrained\">\n<h6 class=\"wp-block-heading\">Un suivi bas\u00e9 sur l\u2019analyse de donn\u00e9es<\/h6>\n\n\n\n<p>La collecte de donn\u00e9es fait partie int\u00e9grante de l\u2019accompagnement et est r\u00e9alis\u00e9e par l\u2019humain dans le quotidien, afin de suivre le chien dans ses contextes r\u00e9els de vie.<\/p>\n\n\n\n<p>Ces donn\u00e9es permettent de :<\/p>\n\n\n\n<ul class=\"wp-block-list\">\n<li>v\u00e9rifier objectivement l\u2019efficacit\u00e9 des strat\u00e9gies mises en place<\/li>\n\n\n\n<li>identifier ce qui fonctionne, ce qui stagne ou ce qui doit \u00eatre ajust\u00e9<\/li>\n\n\n\n<li>\u00e9viter de se baser uniquement sur des ressentis ou des impressions<\/li>\n\n\n\n<li>prendre des d\u00e9cisions \u00e9clair\u00e9es pour faire \u00e9voluer le plan d\u2019action<\/li>\n<\/ul>\n\n\n\n<h6 class=\"wp-block-heading\">Un espace Notion personnalis\u00e9 et collaboratif<\/h6>\n\n\n\n<p>Chaque duo dispose d\u2019un espace Notion d\u00e9di\u00e9 accessible \u00e0 vie apr\u00e8s la fin de l&rsquo;accompagnement, qui centralise :<\/p>\n\n\n\n<ul class=\"wp-block-list\">\n<li>la collecte de donn\u00e9es<\/li>\n\n\n\n<li>les exercices et protocoles propos\u00e9s<\/li>\n\n\n\n<li>les comptes rendus du bilan et des s\u00e9ances<\/li>\n\n\n\n<li>le plan d\u2019entra\u00eenement<\/li>\n<\/ul>\n\n\n\n<p>Cet espace permet de garder une vision claire de l\u2019\u00e9volution du chien et de structurer le travail sur la dur\u00e9e.<\/p>\n\n\n\n<h6 class=\"wp-block-heading\">Des s\u00e9ances hebdomadaires pour analyser et ajuster<\/h6>\n\n\n\n<p>Une s\u00e9ance est r\u00e9alis\u00e9e chaque semaine afin de :<\/p>\n\n\n\n<ul class=\"wp-block-list\">\n<li>faire le point sur les donn\u00e9es collect\u00e9es<\/li>\n\n\n\n<li>analyser l\u2019\u00e9volution de la situation<\/li>\n\n\n\n<li>ajuster les strat\u00e9gies et les exercices <\/li>\n<\/ul>\n\n\n\n<p>Ces s\u00e9ances sont essentielles pour assurer un suivi rigoureux, coh\u00e9rent et r\u00e9ellement adapt\u00e9 \u00e0 l\u2019\u00e9volution du duo.<\/p>\n<\/div>\n\n\n\n<div class=\"wp-block-group has-global-padding is-layout-constrained wp-block-group-is-layout-constrained\">\n<ul class=\"wp-block-list\">\n<li><strong>Forfait accompagnement sur 8 semaines<\/strong><\/li>\n<\/ul>\n\n\n\n<h5 class=\"wp-block-heading\">\u27a4 Tarif : <\/h5>\n\n\n\n<p>\u2022 Bilan + accompagnement 8 semaines : <strong>310 \u20ac<\/strong><\/p>\n\n\n\n<p><em>Paiement en plusieurs fois possible.<\/em><\/p>\n\n\n\n<div class=\"wp-block-buttons is-content-justification-left is-layout-flex wp-container-core-buttons-is-layout-fc4fd283 wp-block-buttons-is-layout-flex\">\n<div class=\"wp-block-button\"><a class=\"wp-block-button__link has-custom-color-5-color has-custom-color-1-background-color has-text-color has-background has-link-color wp-element-button\" href=\"https:\/\/senjia.fr\/index.php\/contact\/\" style=\"padding-top:var(--wp--preset--spacing--20);padding-right:var(--wp--preset--spacing--20);padding-bottom:var(--wp--preset--spacing--20);padding-left:var(--wp--preset--spacing--20)\">J&rsquo;ai une question \u2192<\/a><\/div>\n<\/div>\n<\/div>\n\n\n\n<div class=\"wp-block-group has-custom-color-2-background-color has-background has-global-padding is-layout-constrained wp-block-group-is-layout-constrained\" style=\"padding-top:var(--wp--preset--spacing--50)\">\n<h4 class=\"wp-block-heading has-text-align-center has-custom-color-4-color has-text-color has-link-color wp-elements-1dc5b7acc63062d956301c6d0dd111e8\" style=\"padding-top:var(--wp--preset--spacing--40)\">L&rsquo;accompagnement en pr\u00e9sentiel<\/h4>\n\n\n\n<hr class=\"wp-block-separator has-text-color has-custom-color-4-color has-alpha-channel-opacity has-custom-color-4-background-color has-background\"\/>\n\n\n\n<p class=\"has-custom-color-2-color has-text-color has-link-color wp-elements-7ad5e4c19816b912cda30c7856e5fbb0\">&#8211;<\/p>\n<\/div>\n\n\n\n<h5 class=\"wp-block-heading\">\u27a4 \u00c0 quoi servent les s\u00e9ances en pr\u00e9sentiel ?<\/h5>\n\n\n\n<p>Les s\u00e9ances en pr\u00e9sentiel permettent de :<\/p>\n\n\n\n<ul class=\"wp-block-list\">\n<li>travailler certaines situations en conditions r\u00e9elles<\/li>\n\n\n\n<li>mettre en pratique les strat\u00e9gies travaill\u00e9es \u00e0 distance<\/li>\n\n\n\n<li>gagner en confiance dans la gestion des situations du quotidien<\/li>\n\n\n\n<li>\u00eatre accompagn\u00e9 et guid\u00e9 par un professionnel dans les situations du quotidien<\/li>\n\n\n\n<li>r\u00e9duire la charge mentale du gardien : les environnements d\u2019entra\u00eenement sont s\u00e9lectionn\u00e9s et adapt\u00e9s par mes soins en fonction de l\u2019\u00e9volution du chien, afin de respecter son rythme et son seuil de tol\u00e9rance et lui permettre de progresser dans de bonnes conditions <\/li>\n<\/ul>\n\n\n\n<h5 class=\"wp-block-heading\">\u27a4  Ce que comprend l\u2019option pr\u00e9sentiel<\/h5>\n\n\n\n<ul class=\"wp-block-list\">\n<li>des s\u00e9ances individuelles ou collectives selon les besoins du duo<\/li>\n\n\n\n<li>un cadre structur\u00e9 et adapt\u00e9 au chien<\/li>\n\n\n\n<li>un accompagnement guid\u00e9 pour mettre en pratique les protocoles travaill\u00e9s \u00e0 distance<\/li>\n<\/ul>\n\n\n\n<h5 class=\"wp-block-heading\">\u27a4  Modalit\u00e9s<\/h5>\n\n\n\n<ul class=\"wp-block-list\">\n<li>illimit\u00e9e pendant la dur\u00e9e du forfait choisi<\/li>\n\n\n\n<li>propos\u00e9e au cas par cas, apr\u00e8s analyse de la situation du duo<\/li>\n<\/ul>\n\n\n\n<p>\u2192 S\u00e9ances organis\u00e9es dans les Vosges (88)<\/p>\n\n\n\n<p>L\u2019\u00e9quivalent de deux apr\u00e8s-midi par semaine est d\u00e9di\u00e9 aux s\u00e9ances, afin de garantir des d\u00e9lais de rendez-vous raisonnables et un suivi r\u00e9gulier. Les horaires et cr\u00e9neaux sont ajust\u00e9s en fonction de la demande et des disponibilit\u00e9s des duos inscrits.<\/p>\n\n\n\n<h5 class=\"wp-block-heading\">\u27a4 Tarifs de l&rsquo;accompagnement pr\u00e9sentiel<\/h5>\n\n\n\n<p>Les s\u00e9ances en pr\u00e9sentiel viennent compl\u00e9ter l\u2019accompagnement \u00e0 distance.<\/p>\n\n\n\n<p><strong>Forfait 8 semaines (310 \u20ac) + accompagnement en pr\u00e9sentiel 8 semaines (95 \u20ac) = 405 \u20ac<\/strong><\/p>\n\n\n\n<div class=\"wp-block-buttons is-layout-flex wp-block-buttons-is-layout-flex\">\n<div class=\"wp-block-button\"><a class=\"wp-block-button__link has-custom-color-5-color has-custom-color-1-background-color has-text-color has-background has-link-color wp-element-button\" href=\"https:\/\/senjia.fr\/index.php\/contact\/\" style=\"padding-top:var(--wp--preset--spacing--20);padding-right:var(--wp--preset--spacing--20);padding-bottom:var(--wp--preset--spacing--20);padding-left:var(--wp--preset--spacing--20)\">J&rsquo;ai une question \u2192<\/a><\/div>\n<\/div>\n\n\n\n<div class=\"wp-block-group has-custom-color-2-background-color has-background has-global-padding is-layout-constrained wp-block-group-is-layout-constrained\" style=\"padding-top:var(--wp--preset--spacing--50)\">\n<h4 class=\"wp-block-heading has-text-align-center has-custom-color-4-color has-text-color has-link-color wp-elements-3efb32e4d44f49b81873f1451eee05b9\" style=\"padding-top:var(--wp--preset--spacing--40)\">La s\u00e9ance individuelle<\/h4>\n\n\n\n<hr class=\"wp-block-separator has-text-color has-custom-color-4-color has-alpha-channel-opacity has-custom-color-4-background-color has-background\"\/>\n\n\n\n<p class=\"has-custom-color-2-color has-text-color has-link-color wp-elements-7ad5e4c19816b912cda30c7856e5fbb0\">&#8211;<\/p>\n<\/div>\n\n\n\n<p class=\"has-text-align-center\">\u27a4 Un temps d\u2019analyse cibl\u00e9 pour un besoin ponctuel<\/p>\n\n\n\n<h5 class=\"wp-block-heading\">\u27a4  \u00c0 quoi sert la s\u00e9ance individuelle ?<\/h5>\n\n\n\n<p>La s\u00e9ance individuelle peut \u00eatre utile pour :<\/p>\n\n\n\n<ul class=\"wp-block-list\">\n<li>d\u00e9coder une situation nouvelle<\/li>\n\n\n\n<li>proposer des pistes d\u2019actions concr\u00e8tes et adapt\u00e9es<\/li>\n\n\n\n<li>comprendre l\u2019apparition d\u2019un comportement r\u00e9cent<\/li>\n\n\n\n<li>ajuster le plan d\u2019action mis en place apr\u00e8s le bilan<\/li>\n\n\n\n<li>obtenir un regard ext\u00e9rieur et des rep\u00e8res concrets<\/li>\n\n\n\n<li>faire le point apr\u00e8s un accompagnement d\u00e9j\u00e0 r\u00e9alis\u00e9<\/li>\n<\/ul>\n\n\n\n<h5 class=\"wp-block-heading\">\u27a4 Tarif de la s\u00e9ance individuelle <\/h5>\n\n\n\n<ul class=\"wp-block-list\">\n<li><strong>60\u20ac <\/strong><\/li>\n<\/ul>\n<\/div>\n\n\n\n<div class=\"wp-block-buttons is-layout-flex wp-block-buttons-is-layout-flex\">\n<div class=\"wp-block-button\"><a class=\"wp-block-button__link has-custom-color-5-color has-custom-color-1-background-color has-text-color has-background has-link-color wp-element-button\" href=\"https:\/\/senjia.fr\/index.php\/contact\/\" style=\"padding-top:var(--wp--preset--spacing--20);padding-right:var(--wp--preset--spacing--20);padding-bottom:var(--wp--preset--spacing--20);padding-left:var(--wp--preset--spacing--20)\">J&rsquo;ai une question \u2192<\/a><\/div>\n<\/div>\n","protected":false},"excerpt":{"rendered":"<p>Les diff\u00e9rentes options d&rsquo;accompagnement \u27a4 Des formats adapt\u00e9s selon les besoins de ton duo Plusieurs formats d\u2019accompagnement sont possibles. Chaque option s\u2019inscrit dans une d\u00e9marche progressive, respectueuse et individualis\u00e9e. Les forfaits &#8211; \u27a4 Un suivi structur\u00e9 pour des changements durables \u27a4 \u00c0 quoi sert le forfait ? Le forfait permet de : \u27a4 Ce que [&hellip;]<\/p>\n","protected":false},"author":1,"featured_media":0,"parent":0,"menu_order":0,"comment_status":"closed","ping_status":"closed","template":"","meta":{"footnotes":""},"class_list":["post-767","page","type-page","status-publish","hentry"],"yoast_head":"<!-- This site is optimized with the Yoast SEO plugin v26.4 - https:\/\/yoast.com\/wordpress\/plugins\/seo\/ -->\n<title>Les options d&#039;accompagnement -<\/title>\n<meta name=\"robots\" content=\"index, follow, max-snippet:-1, max-image-preview:large, max-video-preview:-1\" \/>\n<link rel=\"canonical\" href=\"https:\/\/senjia.fr\/index.php\/les-options-daccompagnement\/\" \/>\n<meta property=\"og:locale\" content=\"fr_FR\" \/>\n<meta property=\"og:type\" content=\"article\" \/>\n<meta property=\"og:title\" content=\"Les options d&#039;accompagnement -\" \/>\n<meta property=\"og:description\" content=\"Les diff\u00e9rentes options d&rsquo;accompagnement \u27a4 Des formats adapt\u00e9s selon les besoins de ton duo Plusieurs formats d\u2019accompagnement sont possibles. Chaque option s\u2019inscrit dans une d\u00e9marche progressive, respectueuse et individualis\u00e9e. Les forfaits &#8211; \u27a4 Un suivi structur\u00e9 pour des changements durables \u27a4 \u00c0 quoi sert le forfait ? Le forfait permet de : \u27a4 Ce que [&hellip;]\" \/>\n<meta property=\"og:url\" content=\"https:\/\/senjia.fr\/index.php\/les-options-daccompagnement\/\" \/>\n<meta property=\"article:modified_time\" content=\"2026-03-15T18:08:28+00:00\" \/>\n<meta name=\"twitter:card\" content=\"summary_large_image\" \/>\n<meta name=\"twitter:label1\" content=\"Dur\u00e9e de lecture estim\u00e9e\" \/>\n\t<meta name=\"twitter:data1\" content=\"4 minutes\" \/>\n<script type=\"application\/ld+json\" class=\"yoast-schema-graph\">{\"@context\":\"https:\/\/schema.org\",\"@graph\":[{\"@type\":\"WebPage\",\"@id\":\"https:\/\/senjia.fr\/index.php\/les-options-daccompagnement\/\",\"url\":\"https:\/\/senjia.fr\/index.php\/les-options-daccompagnement\/\",\"name\":\"Les options d'accompagnement -\",\"isPartOf\":{\"@id\":\"https:\/\/senjia.fr\/#website\"},\"datePublished\":\"2025-12-17T13:13:28+00:00\",\"dateModified\":\"2026-03-15T18:08:28+00:00\",\"breadcrumb\":{\"@id\":\"https:\/\/senjia.fr\/index.php\/les-options-daccompagnement\/#breadcrumb\"},\"inLanguage\":\"fr-FR\",\"potentialAction\":[{\"@type\":\"ReadAction\",\"target\":[\"https:\/\/senjia.fr\/index.php\/les-options-daccompagnement\/\"]}]},{\"@type\":\"BreadcrumbList\",\"@id\":\"https:\/\/senjia.fr\/index.php\/les-options-daccompagnement\/#breadcrumb\",\"itemListElement\":[{\"@type\":\"ListItem\",\"position\":1,\"name\":\"Accueil\",\"item\":\"https:\/\/senjia.fr\/\"},{\"@type\":\"ListItem\",\"position\":2,\"name\":\"Les options d&rsquo;accompagnement\"}]},{\"@type\":\"WebSite\",\"@id\":\"https:\/\/senjia.fr\/#website\",\"url\":\"https:\/\/senjia.fr\/\",\"name\":\"\",\"description\":\"\",\"potentialAction\":[{\"@type\":\"SearchAction\",\"target\":{\"@type\":\"EntryPoint\",\"urlTemplate\":\"https:\/\/senjia.fr\/?s={search_term_string}\"},\"query-input\":{\"@type\":\"PropertyValueSpecification\",\"valueRequired\":true,\"valueName\":\"search_term_string\"}}],\"inLanguage\":\"fr-FR\"}]}<\/script>\n<!-- \/ Yoast SEO plugin. -->","yoast_head_json":{"title":"Les options d'accompagnement -","robots":{"index":"index","follow":"follow","max-snippet":"max-snippet:-1","max-image-preview":"max-image-preview:large","max-video-preview":"max-video-preview:-1"},"canonical":"https:\/\/senjia.fr\/index.php\/les-options-daccompagnement\/","og_locale":"fr_FR","og_type":"article","og_title":"Les options d'accompagnement -","og_description":"Les diff\u00e9rentes options d&rsquo;accompagnement \u27a4 Des formats adapt\u00e9s selon les besoins de ton duo Plusieurs formats d\u2019accompagnement sont possibles. Chaque option s\u2019inscrit dans une d\u00e9marche progressive, respectueuse et individualis\u00e9e. Les forfaits &#8211; \u27a4 Un suivi structur\u00e9 pour des changements durables \u27a4 \u00c0 quoi sert le forfait ? Le forfait permet de : \u27a4 Ce que [&hellip;]","og_url":"https:\/\/senjia.fr\/index.php\/les-options-daccompagnement\/","article_modified_time":"2026-03-15T18:08:28+00:00","twitter_card":"summary_large_image","twitter_misc":{"Dur\u00e9e de lecture estim\u00e9e":"4 minutes"},"schema":{"@context":"https:\/\/schema.org","@graph":[{"@type":"WebPage","@id":"https:\/\/senjia.fr\/index.php\/les-options-daccompagnement\/","url":"https:\/\/senjia.fr\/index.php\/les-options-daccompagnement\/","name":"Les options d'accompagnement -","isPartOf":{"@id":"https:\/\/senjia.fr\/#website"},"datePublished":"2025-12-17T13:13:28+00:00","dateModified":"2026-03-15T18:08:28+00:00","breadcrumb":{"@id":"https:\/\/senjia.fr\/index.php\/les-options-daccompagnement\/#breadcrumb"},"inLanguage":"fr-FR","potentialAction":[{"@type":"ReadAction","target":["https:\/\/senjia.fr\/index.php\/les-options-daccompagnement\/"]}]},{"@type":"BreadcrumbList","@id":"https:\/\/senjia.fr\/index.php\/les-options-daccompagnement\/#breadcrumb","itemListElement":[{"@type":"ListItem","position":1,"name":"Accueil","item":"https:\/\/senjia.fr\/"},{"@type":"ListItem","position":2,"name":"Les options d&rsquo;accompagnement"}]},{"@type":"WebSite","@id":"https:\/\/senjia.fr\/#website","url":"https:\/\/senjia.fr\/","name":"","description":"","potentialAction":[{"@type":"SearchAction","target":{"@type":"EntryPoint","urlTemplate":"https:\/\/senjia.fr\/?s={search_term_string}"},"query-input":{"@type":"PropertyValueSpecification","valueRequired":true,"valueName":"search_term_string"}}],"inLanguage":"fr-FR"}]}},"_links":{"self":[{"href":"https:\/\/senjia.fr\/index.php\/wp-json\/wp\/v2\/pages\/767","targetHints":{"allow":["GET"]}}],"collection":[{"href":"https:\/\/senjia.fr\/index.php\/wp-json\/wp\/v2\/pages"}],"about":[{"href":"https:\/\/senjia.fr\/index.php\/wp-json\/wp\/v2\/types\/page"}],"author":[{"embeddable":true,"href":"https:\/\/senjia.fr\/index.php\/wp-json\/wp\/v2\/users\/1"}],"replies":[{"embeddable":true,"href":"https:\/\/senjia.fr\/index.php\/wp-json\/wp\/v2\/comments?post=767"}],"version-history":[{"count":67,"href":"https:\/\/senjia.fr\/index.php\/wp-json\/wp\/v2\/pages\/767\/revisions"}],"predecessor-version":[{"id":1081,"href":"https:\/\/senjia.fr\/index.php\/wp-json\/wp\/v2\/pages\/767\/revisions\/1081"}],"wp:attachment":[{"href":"https:\/\/senjia.fr\/index.php\/wp-json\/wp\/v2\/media?parent=767"}],"curies":[{"name":"wp","href":"https:\/\/api.w.org\/{rel}","templated":true}]}}