{"id":808,"date":"2025-12-17T14:13:37","date_gmt":"2025-12-17T13:13:37","guid":{"rendered":"https:\/\/senjia.fr\/?page_id=808"},"modified":"2025-12-19T18:10:29","modified_gmt":"2025-12-19T17:10:29","slug":"mentions-legales","status":"publish","type":"page","link":"https:\/\/senjia.fr\/index.php\/mentions-legales\/","title":{"rendered":"Mentions l\u00e9gales"},"content":{"rendered":"\n<h4 class=\"wp-block-heading has-text-align-center has-nunito-font-family\"><strong>Mentions l\u00e9gales<\/strong><\/h4>\n\n\n\n<hr class=\"wp-block-separator has-text-color has-custom-color-3-color has-alpha-channel-opacity has-custom-color-3-background-color has-background\"\/>\n\n\n\n<p class=\"has-custom-color-5-color has-text-color has-link-color has-nunito-font-family wp-elements-2f38437612c146d07602624712f30ffa\">Conform\u00e9ment aux dispositions des articles 6-III et 19 de la loi n\u00b02004-575 du 21 juin 2004 pour la confiance dans l\u2019\u00e9conomie num\u00e9rique (LCEN), il est pr\u00e9cis\u00e9 aux utilisateurs du site <strong><a href=\"http:\/\/www.senjia.fr\/\">https:\/\/senjia.fr<\/a><\/strong> l\u2019identit\u00e9 des diff\u00e9rents intervenants dans le cadre de sa r\u00e9alisation et de son suivi.<\/p>\n\n\n\n<hr class=\"wp-block-separator has-alpha-channel-opacity\"\/>\n\n\n\n<h5 class=\"wp-block-heading has-nunito-font-family\">\u00c9diteur du site<\/h5>\n\n\n\n<p class=\"has-custom-color-5-color has-text-color has-link-color has-nunito-font-family wp-elements-29e9027cbc3ee698784874153eb791a6\"><strong>Nom de l\u2019entreprise :<\/strong> Senjia<br><strong>Statut juridique :<\/strong> Entreprise individuelle (EI)<br><strong>Responsable de la publication :<\/strong> Savannah Mangel<br><strong>Activit\u00e9 :<\/strong> \u00c9ducation canine<\/p>\n\n\n\n<p class=\"has-custom-color-5-color has-text-color has-link-color has-nunito-font-family wp-elements-5b3cd55fd275c2217e845188e2e20f29\"><strong>Email :<\/strong> <a href=\"mailto:contact@senjia.fr\">contact@senjia.fr<\/a><\/p>\n\n\n\n<hr class=\"wp-block-separator has-alpha-channel-opacity\"\/>\n\n\n\n<h5 class=\"wp-block-heading has-nunito-font-family\">Immatriculation<\/h5>\n\n\n\n<div class=\"wp-block-group has-nunito-font-family has-global-padding is-layout-constrained wp-block-group-is-layout-constrained\">\n<p class=\"has-custom-color-5-color has-text-color has-link-color has-nunito-font-family wp-elements-e8bfa180e686e108429d8bfb010f7866\">Entreprise immatricul\u00e9e sous le r\u00e9gime de la micro-entreprise.<br>Num\u00e9ro SIRET : 99503925200011<\/p>\n\n\n\n<hr class=\"wp-block-separator has-alpha-channel-opacity\"\/>\n\n\n\n<h5 class=\"wp-block-heading\">H\u00e9bergement du site<\/h5>\n\n\n\n<p class=\"has-custom-color-5-color has-text-color has-link-color has-nunito-font-family wp-elements-77250406491d3726e7378747f01ed491\"><strong>H\u00e9bergeur :<\/strong> OVH<br><strong>Raison sociale :<\/strong> OVH SAS<br><strong>Adresse :<\/strong> 2 rue Kellermann, 59100 Roubaix, France<br><strong>Site web :<\/strong> <a>https:\/\/www.ovhcloud.com<\/a><\/p>\n\n\n\n<hr class=\"wp-block-separator has-alpha-channel-opacity\"\/>\n\n\n\n<h5 class=\"wp-block-heading\">Propri\u00e9t\u00e9 intellectuelle<\/h5>\n\n\n\n<p class=\"has-custom-color-5-color has-text-color has-link-color has-nunito-font-family wp-elements-3881764d26f3abab3e43aed1b22ad4fc\">L\u2019ensemble des contenus pr\u00e9sents sur le site <a href=\"http:\/\/www.senjia.fr\/\">https:\/\/senjia.fr<\/a> (textes, images, vid\u00e9os, logos, \u00e9l\u00e9ments graphiques, documents t\u00e9l\u00e9chargeables, structure g\u00e9n\u00e9rale) est la propri\u00e9t\u00e9 exclusive de Savannah Mangel, sauf mention contraire.<\/p>\n\n\n\n<p class=\"has-custom-color-5-color has-text-color has-link-color has-nunito-font-family wp-elements-1e6e7d47e2bd968c20667afce7fb04cd\">Toute reproduction, repr\u00e9sentation, modification, publication ou adaptation, totale ou partielle, de ces \u00e9l\u00e9ments, quel que soit le moyen ou le proc\u00e9d\u00e9 utilis\u00e9, est interdite sans l\u2019autorisation \u00e9crite pr\u00e9alable de Savannah Mangel.<\/p>\n\n\n\n<p class=\"has-custom-color-5-color has-text-color has-link-color has-nunito-font-family wp-elements-a3668aedd4665abb8cca87a35317f665\">Toute exploitation non autoris\u00e9e du site ou de l\u2019un quelconque des \u00e9l\u00e9ments qu\u2019il contient pourra \u00eatre poursuivie conform\u00e9ment aux dispositions du Code de la propri\u00e9t\u00e9 intellectuelle.<\/p>\n\n\n\n<hr class=\"wp-block-separator has-alpha-channel-opacity\"\/>\n\n\n\n<h5 class=\"wp-block-heading\">Cr\u00e9dits photographiques<\/h5>\n\n\n\n<p>Certaines photographies utilis\u00e9es sur ce site ont \u00e9t\u00e9 r\u00e9alis\u00e9es lors de la Woofest.<\/p>\n\n\n\n<p>\u00a9 IDB Photographie<\/p>\n\n\n\n<p>\u00a9 Myl\u00e8ne Chavot Photographie<\/p>\n\n\n\n<hr class=\"wp-block-separator has-alpha-channel-opacity\"\/>\n\n\n\n<h5 class=\"wp-block-heading\">Responsabilit\u00e9<\/h5>\n\n\n\n<p class=\"has-custom-color-5-color has-text-color has-link-color has-nunito-font-family wp-elements-c02c63a8c515d749aac5ee71122abe46\">Les informations propos\u00e9es sur le site <strong><a href=\"http:\/\/www.senjia.fr\/\">https:\/\/senjia.fr<\/a><\/strong> sont fournies \u00e0 titre informatif et p\u00e9dagogique. Elles ne sauraient se substituer \u00e0 un accompagnement individualis\u00e9 ou \u00e0 un avis v\u00e9t\u00e9rinaire.<\/p>\n\n\n\n<p class=\"has-custom-color-5-color has-text-color has-link-color has-nunito-font-family wp-elements-4b491d71dc5b320892cc487bfc82f166\">Savannah Mangel s\u2019efforce de fournir des informations aussi pr\u00e9cises que possible, mais ne saurait \u00eatre tenue responsable des omissions, inexactitudes ou carences dans la mise \u00e0 jour.<\/p>\n\n\n\n<p class=\"has-custom-color-5-color has-text-color has-link-color has-nunito-font-family wp-elements-914fbc36aa123b8840eee7ab0fa1d461\">L\u2019utilisateur reconna\u00eet utiliser les informations du site sous sa responsabilit\u00e9 exclusive.<\/p>\n\n\n\n<hr class=\"wp-block-separator has-alpha-channel-opacity\"\/>\n\n\n\n<h5 class=\"wp-block-heading\">Donn\u00e9es personnelles<\/h5>\n\n\n\n<p class=\"has-custom-color-5-color has-text-color has-link-color has-nunito-font-family wp-elements-dc53684763198fc5c555a8baf28a8498\">Les donn\u00e9es personnelles collect\u00e9es via le site (formulaire de contact, \u00e9changes par email) sont utilis\u00e9es uniquement dans le cadre des \u00e9changes entre l\u2019utilisateur et Savannah Mangel.<\/p>\n\n\n\n<p class=\"has-custom-color-5-color has-text-color has-link-color has-nunito-font-family wp-elements-6f1378252dd1e3f7c428fc1b438cd9c5\">Aucune donn\u00e9e personnelle n\u2019est c\u00e9d\u00e9e ou vendue \u00e0 des tiers.<\/p>\n\n\n\n<p class=\"has-custom-color-5-color has-text-color has-link-color has-nunito-font-family wp-elements-4ad232c8849c89f9adabf7368ee5112d\">Conform\u00e9ment au R\u00e8glement G\u00e9n\u00e9ral sur la Protection des Donn\u00e9es (RGPD), l\u2019utilisateur dispose d\u2019un droit d\u2019acc\u00e8s, de rectification et de suppression des donn\u00e9es le concernant, qu\u2019il peut exercer en envoyant un email \u00e0 : <strong><a href=\"mailto:contact@senjia.fr\">contact@senjia.fr<\/a><\/strong>.<\/p>\n\n\n\n<hr class=\"wp-block-separator has-alpha-channel-opacity\"\/>\n\n\n\n<h5 class=\"wp-block-heading\">Cookies<\/h5>\n\n\n\n<p class=\"has-custom-color-5-color has-text-color has-link-color has-nunito-font-family wp-elements-7473b100a4dde7b3e63974ccb4f2cf13\">Le site <strong><a href=\"http:\/\/www.senjia.fr\/\">https:\/\/senjia.fr<\/a><\/strong> peut \u00eatre amen\u00e9 \u00e0 utiliser des cookies \u00e0 des fins de fonctionnement et de mesure d\u2019audience.<\/p>\n\n\n\n<p class=\"has-custom-color-5-color has-text-color has-link-color has-nunito-font-family wp-elements-5213dc1cd014c27d7f4f688632e5967b\">L\u2019utilisateur peut \u00e0 tout moment configurer son navigateur pour refuser les cookies.<\/p>\n\n\n\n<hr class=\"wp-block-separator has-alpha-channel-opacity\"\/>\n\n\n\n<h5 class=\"wp-block-heading\">Droit applicable<\/h5>\n\n\n\n<p class=\"has-custom-color-5-color has-text-color has-link-color has-nunito-font-family wp-elements-4014fb1327aa25b4abc63e50a4362246\">Les pr\u00e9sentes mentions l\u00e9gales sont r\u00e9gies par le droit fran\u00e7ais.<br>Tout litige relatif \u00e0 l\u2019utilisation du site sera soumis \u00e0 la comp\u00e9tence des tribunaux fran\u00e7ais.<\/p>\n<\/div>\n","protected":false},"excerpt":{"rendered":"<p>Mentions l\u00e9gales Conform\u00e9ment aux dispositions des articles 6-III et 19 de la loi n\u00b02004-575 du 21 juin 2004 pour la confiance dans l\u2019\u00e9conomie num\u00e9rique (LCEN), il est pr\u00e9cis\u00e9 aux utilisateurs du site https:\/\/senjia.fr l\u2019identit\u00e9 des diff\u00e9rents intervenants dans le cadre de sa r\u00e9alisation et de son suivi. \u00c9diteur du site Nom de l\u2019entreprise : SenjiaStatut [&hellip;]<\/p>\n","protected":false},"author":1,"featured_media":0,"parent":0,"menu_order":0,"comment_status":"closed","ping_status":"closed","template":"","meta":{"footnotes":""},"class_list":["post-808","page","type-page","status-publish","hentry"],"yoast_head":"<!-- This site is optimized with the Yoast SEO plugin v26.4 - https:\/\/yoast.com\/wordpress\/plugins\/seo\/ -->\n<title>Mentions l\u00e9gales -<\/title>\n<meta name=\"robots\" content=\"index, follow, max-snippet:-1, max-image-preview:large, max-video-preview:-1\" \/>\n<link rel=\"canonical\" href=\"https:\/\/senjia.fr\/index.php\/mentions-legales\/\" \/>\n<meta property=\"og:locale\" content=\"fr_FR\" \/>\n<meta property=\"og:type\" content=\"article\" \/>\n<meta property=\"og:title\" content=\"Mentions l\u00e9gales -\" \/>\n<meta property=\"og:description\" content=\"Mentions l\u00e9gales Conform\u00e9ment aux dispositions des articles 6-III et 19 de la loi n\u00b02004-575 du 21 juin 2004 pour la confiance dans l\u2019\u00e9conomie num\u00e9rique (LCEN), il est pr\u00e9cis\u00e9 aux utilisateurs du site https:\/\/senjia.fr l\u2019identit\u00e9 des diff\u00e9rents intervenants dans le cadre de sa r\u00e9alisation et de son suivi. \u00c9diteur du site Nom de l\u2019entreprise : SenjiaStatut [&hellip;]\" \/>\n<meta property=\"og:url\" content=\"https:\/\/senjia.fr\/index.php\/mentions-legales\/\" \/>\n<meta property=\"article:modified_time\" content=\"2025-12-19T17:10:29+00:00\" \/>\n<meta name=\"twitter:card\" content=\"summary_large_image\" \/>\n<meta name=\"twitter:label1\" content=\"Dur\u00e9e de lecture estim\u00e9e\" \/>\n\t<meta name=\"twitter:data1\" content=\"3 minutes\" \/>\n<script type=\"application\/ld+json\" class=\"yoast-schema-graph\">{\"@context\":\"https:\/\/schema.org\",\"@graph\":[{\"@type\":\"WebPage\",\"@id\":\"https:\/\/senjia.fr\/index.php\/mentions-legales\/\",\"url\":\"https:\/\/senjia.fr\/index.php\/mentions-legales\/\",\"name\":\"Mentions l\u00e9gales -\",\"isPartOf\":{\"@id\":\"https:\/\/senjia.fr\/#website\"},\"datePublished\":\"2025-12-17T13:13:37+00:00\",\"dateModified\":\"2025-12-19T17:10:29+00:00\",\"breadcrumb\":{\"@id\":\"https:\/\/senjia.fr\/index.php\/mentions-legales\/#breadcrumb\"},\"inLanguage\":\"fr-FR\",\"potentialAction\":[{\"@type\":\"ReadAction\",\"target\":[\"https:\/\/senjia.fr\/index.php\/mentions-legales\/\"]}]},{\"@type\":\"BreadcrumbList\",\"@id\":\"https:\/\/senjia.fr\/index.php\/mentions-legales\/#breadcrumb\",\"itemListElement\":[{\"@type\":\"ListItem\",\"position\":1,\"name\":\"Accueil\",\"item\":\"https:\/\/senjia.fr\/\"},{\"@type\":\"ListItem\",\"position\":2,\"name\":\"Mentions l\u00e9gales\"}]},{\"@type\":\"WebSite\",\"@id\":\"https:\/\/senjia.fr\/#website\",\"url\":\"https:\/\/senjia.fr\/\",\"name\":\"\",\"description\":\"\",\"potentialAction\":[{\"@type\":\"SearchAction\",\"target\":{\"@type\":\"EntryPoint\",\"urlTemplate\":\"https:\/\/senjia.fr\/?s={search_term_string}\"},\"query-input\":{\"@type\":\"PropertyValueSpecification\",\"valueRequired\":true,\"valueName\":\"search_term_string\"}}],\"inLanguage\":\"fr-FR\"}]}<\/script>\n<!-- \/ Yoast SEO plugin. -->","yoast_head_json":{"title":"Mentions l\u00e9gales -","robots":{"index":"index","follow":"follow","max-snippet":"max-snippet:-1","max-image-preview":"max-image-preview:large","max-video-preview":"max-video-preview:-1"},"canonical":"https:\/\/senjia.fr\/index.php\/mentions-legales\/","og_locale":"fr_FR","og_type":"article","og_title":"Mentions l\u00e9gales -","og_description":"Mentions l\u00e9gales Conform\u00e9ment aux dispositions des articles 6-III et 19 de la loi n\u00b02004-575 du 21 juin 2004 pour la confiance dans l\u2019\u00e9conomie num\u00e9rique (LCEN), il est pr\u00e9cis\u00e9 aux utilisateurs du site https:\/\/senjia.fr l\u2019identit\u00e9 des diff\u00e9rents intervenants dans le cadre de sa r\u00e9alisation et de son suivi. \u00c9diteur du site Nom de l\u2019entreprise : SenjiaStatut [&hellip;]","og_url":"https:\/\/senjia.fr\/index.php\/mentions-legales\/","article_modified_time":"2025-12-19T17:10:29+00:00","twitter_card":"summary_large_image","twitter_misc":{"Dur\u00e9e de lecture estim\u00e9e":"3 minutes"},"schema":{"@context":"https:\/\/schema.org","@graph":[{"@type":"WebPage","@id":"https:\/\/senjia.fr\/index.php\/mentions-legales\/","url":"https:\/\/senjia.fr\/index.php\/mentions-legales\/","name":"Mentions l\u00e9gales -","isPartOf":{"@id":"https:\/\/senjia.fr\/#website"},"datePublished":"2025-12-17T13:13:37+00:00","dateModified":"2025-12-19T17:10:29+00:00","breadcrumb":{"@id":"https:\/\/senjia.fr\/index.php\/mentions-legales\/#breadcrumb"},"inLanguage":"fr-FR","potentialAction":[{"@type":"ReadAction","target":["https:\/\/senjia.fr\/index.php\/mentions-legales\/"]}]},{"@type":"BreadcrumbList","@id":"https:\/\/senjia.fr\/index.php\/mentions-legales\/#breadcrumb","itemListElement":[{"@type":"ListItem","position":1,"name":"Accueil","item":"https:\/\/senjia.fr\/"},{"@type":"ListItem","position":2,"name":"Mentions l\u00e9gales"}]},{"@type":"WebSite","@id":"https:\/\/senjia.fr\/#website","url":"https:\/\/senjia.fr\/","name":"","description":"","potentialAction":[{"@type":"SearchAction","target":{"@type":"EntryPoint","urlTemplate":"https:\/\/senjia.fr\/?s={search_term_string}"},"query-input":{"@type":"PropertyValueSpecification","valueRequired":true,"valueName":"search_term_string"}}],"inLanguage":"fr-FR"}]}},"_links":{"self":[{"href":"https:\/\/senjia.fr\/index.php\/wp-json\/wp\/v2\/pages\/808","targetHints":{"allow":["GET"]}}],"collection":[{"href":"https:\/\/senjia.fr\/index.php\/wp-json\/wp\/v2\/pages"}],"about":[{"href":"https:\/\/senjia.fr\/index.php\/wp-json\/wp\/v2\/types\/page"}],"author":[{"embeddable":true,"href":"https:\/\/senjia.fr\/index.php\/wp-json\/wp\/v2\/users\/1"}],"replies":[{"embeddable":true,"href":"https:\/\/senjia.fr\/index.php\/wp-json\/wp\/v2\/comments?post=808"}],"version-history":[{"count":13,"href":"https:\/\/senjia.fr\/index.php\/wp-json\/wp\/v2\/pages\/808\/revisions"}],"predecessor-version":[{"id":1018,"href":"https:\/\/senjia.fr\/index.php\/wp-json\/wp\/v2\/pages\/808\/revisions\/1018"}],"wp:attachment":[{"href":"https:\/\/senjia.fr\/index.php\/wp-json\/wp\/v2\/media?parent=808"}],"curies":[{"name":"wp","href":"https:\/\/api.w.org\/{rel}","templated":true}]}}